{"id":547,"date":"2020-11-13T11:36:53","date_gmt":"2020-11-13T11:36:53","guid":{"rendered":"https:\/\/mediandosrl.com\/?page_id=547"},"modified":"2020-11-13T12:15:36","modified_gmt":"2020-11-13T12:15:36","slug":"privacy-policy","status":"publish","type":"page","link":"https:\/\/mediandosrl.com\/?page_id=547","title":{"rendered":"Privacy Policy"},"content":{"rendered":"\t\t<div data-elementor-type=\"wp-page\" data-elementor-id=\"547\" class=\"elementor elementor-547\">\n\t\t\t\t\t\t<div class=\"elementor-inner\">\n\t\t\t\t<div class=\"elementor-section-wrap\">\n\t\t\t\t\t\t\t\t\t<section class=\"elementor-section elementor-top-section elementor-element elementor-element-8775478 elementor-section-content-top elementor-section-boxed elementor-section-height-default elementor-section-height-default\" data-id=\"8775478\" data-element_type=\"section\" data-settings=\"{&quot;background_background&quot;:&quot;classic&quot;}\">\n\t\t\t\t\t\t\t<div class=\"elementor-background-overlay\"><\/div>\n\t\t\t\t\t\t\t<div class=\"elementor-container elementor-column-gap-default\">\n\t\t\t\t\t\t\t<div class=\"elementor-row\">\n\t\t\t\t\t<div class=\"elementor-column elementor-col-100 elementor-top-column elementor-element elementor-element-cfd920c\" data-id=\"cfd920c\" data-element_type=\"column\">\n\t\t\t<div class=\"elementor-column-wrap elementor-element-populated\">\n\t\t\t\t\t\t\t<div class=\"elementor-widget-wrap\">\n\t\t\t\t\t\t<div class=\"elementor-element elementor-element-a84a055 elementor-widget elementor-widget-heading\" data-id=\"a84a055\" data-element_type=\"widget\" data-widget_type=\"heading.default\">\n\t\t\t\t<div class=\"elementor-widget-container\">\n\t\t\t<h1 class=\"elementor-heading-title elementor-size-default\">Privacy Policy<\/h1>\t\t<\/div>\n\t\t\t\t<\/div>\n\t\t\t\t\t\t<\/div>\n\t\t\t\t\t<\/div>\n\t\t<\/div>\n\t\t\t\t\t\t\t\t<\/div>\n\t\t\t\t\t<\/div>\n\t\t<\/section>\n\t\t\t\t<section class=\"elementor-section elementor-top-section elementor-element elementor-element-f5d5f9d elementor-section-boxed elementor-section-height-default elementor-section-height-default\" data-id=\"f5d5f9d\" data-element_type=\"section\">\n\t\t\t\t\t\t<div class=\"elementor-container elementor-column-gap-no\">\n\t\t\t\t\t\t\t<div class=\"elementor-row\">\n\t\t\t\t\t<div class=\"elementor-column elementor-col-100 elementor-top-column elementor-element elementor-element-be77cbc\" data-id=\"be77cbc\" data-element_type=\"column\">\n\t\t\t<div class=\"elementor-column-wrap elementor-element-populated\">\n\t\t\t\t\t\t\t<div class=\"elementor-widget-wrap\">\n\t\t\t\t\t\t<div class=\"elementor-element elementor-element-530c2c6 elementor-widget elementor-widget-heading\" data-id=\"530c2c6\" data-element_type=\"widget\" data-widget_type=\"heading.default\">\n\t\t\t\t<div class=\"elementor-widget-container\">\n\t\t\t<h2 class=\"elementor-heading-title elementor-size-default\">PRIVACY POLICY E DICHIARAZIONE COOKIE\u200b<\/h2>\t\t<\/div>\n\t\t\t\t<\/div>\n\t\t\t\t<div class=\"elementor-element elementor-element-ecc4d42 elementor-widget elementor-widget-heading\" data-id=\"ecc4d42\" data-element_type=\"widget\" data-widget_type=\"heading.default\">\n\t\t\t\t<div class=\"elementor-widget-container\">\n\t\t\t<h3 class=\"elementor-heading-title elementor-size-default\">MEDIANDO SRLS SI IMPEGNA A PROTEGGERE LA TUA PRIVACY E QUESTA INFORMATIVA SI APPLICA AL SITO PER REGOLARE LA RACCOLTA E L\u2019USO DI DATI. USANDO IL SITO MEDIANDOSRL.COM, ACCONSENTI ALL\u2019UTILIZZO DEI DATI DESCRITTO IN QUESTA INFORMATIVA.<\/h3>\t\t<\/div>\n\t\t\t\t<\/div>\n\t\t\t\t<div class=\"elementor-element elementor-element-fb4aa97 elementor-widget elementor-widget-text-editor\" data-id=\"fb4aa97\" data-element_type=\"widget\" data-widget_type=\"text-editor.default\">\n\t\t\t\t<div class=\"elementor-widget-container\">\n\t\t\t\t\t\t\t\t<div class=\"elementor-text-editor elementor-clearfix\">\n\t\t\t\t<p class=\"p1\"><strong><span class=\"s1\">RACCOLTA DEI DATI PERSONALI<\/span><\/strong><\/p><p class=\"p5\"><span class=\"s1\">MEDIANDO SRLS <\/span><span class=\"s3\">(di seguito \u201cMediando\u201d)<\/span><span class=\"s1\"> raccoglie dati personali, come ad esempio l\u2019indirizzo e-mail, il tuo nome e cognome. <\/span><span class=\"s2\"><br \/><\/span><span class=\"s1\">Nelle statistiche dei logs del web server sono incluse anche informazioni riguardo all\u2019hardware e software del tuo computer che vengono raccolte automaticamente da MEDIANDOSRL.COM (di seguito \u201cSito\u201d).<\/span><span class=\"s2\"><br \/><\/span><span class=\"s1\">Queste informazioni possono includere: il tuo indirizzo IP, tipo di browser, nomi a dominio, ore di accesso ed indirizzi di siti web di riferimento.<\/span><span class=\"s2\"><br \/><\/span><span class=\"s1\">Queste informazioni vengono usate da Mediando per la gestione del servizio, per mantenere la qualit\u00e0 del servizio e per fornire e analizzare le statistiche generali riguardo all\u2019uso del Sito.<\/span><span class=\"s2\"><br \/><\/span><span class=\"s1\">Sei invitato a leggere le normative sulla privacy dei siti web ai quali ti colleghi tramite link inclusi negli articoli e nelle pagine del Sito affinch\u00e9 tu possa capire come quei siti web raccolgono, usano e condividono le tue informazioni. Mediando non \u00e8 responsabile per le normative sulla privacy o altri contenuti su siti web esterni al Sito<\/span><\/p><p class=\"p6\"><span class=\"s1\"><b>USO DEI TUOI DATI PERSONALI<\/b><\/span><\/p><p class=\"p5\"><span class=\"s1\">Mediando raccoglie e usa i tuoi dati personali inseriti in fase di registrazione per operare sul Sito e fornirti i servizi che hai richiesto. Mediando inoltre usa i tuoi dati personali per informarti di altri prodotti o servizi disponibili sul Sito. Mediando si riserva anche di contattarti tramite sondaggi per condurre una ricerca sulla tua opinione dei servizi attuali o di eventuali servizi nuovi che potrebbero essere offerti. Mediando non vende, ne affitta la sua lista clienti a terzi. Mediando pu\u00f2, talune volte, contattarti per conto di partner esterni per informarti di particolari offerte che ti potrebbero interessare. In questi casi, i tuoi dati personali riservati (e-mail, nome e cognome) non vengono trasferite a terzi.<\/span><\/p><p class=\"p6\"><span class=\"s1\"><b>SICUREZZA DEI TUOI DATI PERSONALI<\/b><\/span><\/p><p class=\"p5\"><span class=\"s1\">Mediando protegge i tuoi dati personali da accesso, uso o divulgazione non autorizzata e mantiene i dati personali che fornisci su server in un ambiente controllato e sicuro, protetti da accesso, uso o divulgazione non autorizzata.<\/span><\/p><p class=\"p6\"><span class=\"s1\"><b>DIRITTI DELL\u2019UTENTE<\/b><\/span><\/p><p class=\"p5\"><span class=\"s1\">Gli Utenti possono esercitare determinati diritti con riferimento ai Dati trattati dal Titolare.<\/span><\/p><p class=\"p5\"><span class=\"s1\">In particolare, l\u2019Utente ha il diritto di:<\/span><\/p><p class=\"p5\"><span class=\"s1\">\u2022 revocare il consenso in ogni momento. L\u2019Utente pu\u00f2 revocare il consenso al trattamento dei propri Dati Personali precedentemente espresso.<\/span><span class=\"s2\"><br \/><\/span><span class=\"s1\">\u2022 opporsi al trattamento dei propri Dati. L\u2019Utente pu\u00f2 opporsi al trattamento dei propri Dati quando esso avviene su una base giuridica diversa dal consenso. Ulteriori dettagli sul diritto di opposizione sono indicati nella sezione sottostante.<\/span><span class=\"s2\"><br \/><\/span><span class=\"s1\">\u2022 accedere ai propri Dati. L\u2019Utente ha diritto ad ottenere informazioni sui Dati trattati dal Titolare, su determinati aspetti del trattamento ed a ricevere una copia dei Dati trattati.<\/span><span class=\"s2\"><br \/><\/span><span class=\"s1\">\u2022 verificare e chiedere la rettificazione. L\u2019Utente pu\u00f2 verificare la correttezza dei propri Dati e richiederne l\u2019aggiornamento o la correzione.<\/span><span class=\"s2\"><br \/><\/span><span class=\"s1\">\u2022 ottenere la limitazione del trattamento. Quando ricorrono determinate condizioni, l\u2019Utente pu\u00f2 richiedere la limitazione del trattamento dei propri Dati. In tal caso il Titolare non tratter\u00e0 i Dati per alcun altro scopo se non la loro conservazione.<\/span><span class=\"s2\"><br \/><\/span><span class=\"s1\">\u2022 ottenere la cancellazione o rimozione dei propri Dati Personali. Quando ricorrono determinate condizioni, l\u2019Utente pu\u00f2 richiedere la cancellazione dei propri Dati da parte del Titolare.<\/span><span class=\"s2\"><br \/><\/span><span class=\"s1\">\u2022 ricevere i propri Dati o farli trasferire ad altro titolare. L\u2019Utente ha diritto di ricevere i propri Dati in formato strutturato, di uso comune e leggibile da dispositivo automatico e, ove tecnicamente fattibile, di ottenerne il trasferimento senza ostacoli ad un altro titolare. Questa disposizione \u00e8 applicabile quando i Dati sono trattati con strumenti automatizzati ed il trattamento \u00e8 basato sul consenso dell\u2019Utente, su un contratto di cui l\u2019Utente \u00e8 parte o su misure contrattuali ad esso connesse.<\/span><span class=\"s2\"><br \/><\/span><span class=\"s1\">\u2022 proporre reclamo. L\u2019Utente pu\u00f2 proporre un reclamo all\u2019autorit\u00e0 di controllo della protezione dei dati personali competente o agire in sede giudiziale.<\/span><\/p><p class=\"p6\"><span class=\"s1\"><b>DETTAGLI SUL DIRITTO DI OPPOSIZIONE<\/b><\/span><\/p><p class=\"p5\"><span class=\"s1\">Quando i Dati Personali sono trattati nell\u2019interesse pubblico, nell\u2019esercizio di pubblici poteri di cui \u00e8 investito il Titolare oppure per perseguire un interesse legittimo del Titolare, gli Utenti hanno diritto ad opporsi al trattamento per motivi connessi alla loro situazione particolare.<\/span><\/p><p class=\"p5\"><span class=\"s1\">Si fa presente agli Utenti che, ove i loro Dati fossero trattati con finalit\u00e0 di marketing diretto, possono opporsi al trattamento senza fornire alcuna motivazione. Per scoprire se il Titolare tratti dati con finalit\u00e0 di marketing diretto gli Utenti possono fare riferimento alle rispettive sezioni di questo documento.<\/span><\/p><p class=\"p6\"><span class=\"s1\"><b>COME ESERCITARE I DIRITTI<\/b><\/span><\/p><p class=\"p5\"><span class=\"s1\">Per esercitare i diritti dell\u2019Utente, gli Utenti possono indirizzare una richiesta agli estremi di contatto del Responsabile indicati in questo documento. Le richieste sono depositate a titolo gratuito e evase dal Responsabile nel pi\u00f9 breve tempo possibile, in ogni caso entro un mese.<\/span><\/p><p class=\"p6\"><span class=\"s1\"><b>INTERAZIONE CON SOCIAL NETWORK E PIATTAFORME ESTERNE<\/b><\/span><\/p><p class=\"p5\"><span class=\"s1\">Questo tipo di servizi permettono di effettuare interazioni con i social network, o con altre piattaforme esterne, direttamente dalle pagine di questo Sito Web.<\/span><span class=\"s2\"><br \/><\/span><span class=\"s1\">Le interazioni e le informazioni acquisite da questo Sito Web sono in ogni caso soggette alle impostazioni privacy dell\u2019Utente relative ad ogni social network.<\/span><span class=\"s2\"><br \/><\/span><span class=\"s1\">Nel caso in cui sia installato un servizio di interazione con i social network, \u00e8 possibile che, anche nel caso gli Utenti non utilizzino il servizio, lo stesso raccolga dati di traffico relativi alle pagine in cui \u00e8 installato.<\/span><\/p><p class=\"p5\"><span class=\"s1\">Pulsante Tweet e widget sociali di Twitter (Twitter, Inc.)<\/span><\/p><p class=\"p5\"><span class=\"s1\">Il pulsante Tweet e i widget sociali di Twitter sono servizi di interazione con il social network Twitter, forniti da Twitter, Inc.<\/span><\/p><p class=\"p5\"><span class=\"s1\">Dati personali raccolti: Cookie e Dati di utilizzo.<\/span><\/p><p class=\"p5\"><span class=\"s1\">Luogo del trattamento: USA \u2013\u00a0<a href=\"https:\/\/twitter.com\/privacy\"><span class=\"s4\">Privacy Policy<\/span><\/a><\/span><\/p><p class=\"p5\"><span class=\"s1\">Pulsante Mi Piace e widget sociali di Facebook (Facebook, Inc.)<\/span><\/p><p class=\"p5\"><span class=\"s1\">Il pulsante \u201cMi Piace\u201d e i widget sociali di Facebook sono servizi di interazione con il social network Facebook, forniti da Facebook, Inc.<\/span><\/p><p class=\"p5\"><span class=\"s1\">Dati personali raccolti: Cookie e Dati di utilizzo.<\/span><\/p><p class=\"p5\"><span class=\"s1\">Luogo del trattamento: USA \u2013\u00a0<a href=\"https:\/\/www.facebook.com\/privacy\/explanation\"><span class=\"s4\">Privacy Policy<\/span><\/a><\/span><\/p><p class=\"p5\"><span class=\"s1\">Pulsante +1 e widget sociali di Google+ (Google Inc.)<\/span><\/p><p class=\"p5\"><span class=\"s1\">Il pulsante +1 e i widget sociali di Google+ sono servizi di interazione con il social network Google+, forniti da Google Inc.<\/span><\/p><p class=\"p5\"><span class=\"s1\">Dati personali raccolti: Cookie e Dati di utilizzo.<\/span><\/p><p class=\"p5\"><span class=\"s1\">Luogo del trattamento: USA \u2013\u00a0<a href=\"https:\/\/www.google.com\/intl\/policies\/privacy\/\"><span class=\"s4\">Privacy Policy<\/span><\/a><\/span><\/p><p class=\"p5\"><span class=\"s1\">Pulsante e widget sociali di Linkedin (LinkedIn Corporation)<\/span><\/p><p class=\"p5\"><span class=\"s1\">Il pulsante e i widget sociali di LinkedIn sono servizi di interazione con il social network Linkedin, forniti da LinkedIn Corporation.<\/span><\/p><p class=\"p5\"><span class=\"s1\">Dati personali raccolti: Cookie e Dati di utilizzo.<\/span><\/p><p class=\"p5\"><span class=\"s1\">Luogo del trattamento: USA \u2013\u00a0<a href=\"https:\/\/www.linkedin.com\/legal\/privacy-policy\"><span class=\"s4\">Privacy Policy<\/span><\/a><\/span><\/p><p class=\"p5\"><span class=\"s1\">Pulsante \u201cPin it\u201d e widget sociali di Pinterest (Pinterest)<\/span><\/p><p class=\"p5\"><span class=\"s1\">Il pulsante \u201cPin it\u201d e widget sociali di Pinterest sono servizi di interazione con la piattaforma Pinterest, forniti da Pinterest Inc.<\/span><\/p><p class=\"p5\"><span class=\"s1\">Dati personali raccolti: Cookie e Dati di utilizzo.<\/span><\/p><p class=\"p5\"><span class=\"s1\">Luogo del trattamento: USA \u2013\u00a0<a href=\"https:\/\/about.pinterest.com\/en\/privacy-policy\"><span class=\"s4\">Privacy Policy<\/span><\/a><\/span><\/p><p class=\"p6\"><span class=\"s1\"><b>MODIFICHE A QUESTA NORMATIVA<\/b><\/span><\/p><p class=\"p5\"><span class=\"s1\">Mediando a volte aggiorner\u00e0 questa Normativa sulla Privacy per rispecchiare le variazioni di Legge a tutela degli Utenti del Sito e dell\u2019azienda. Mediando ti incoraggia a rivedere periodicamente questa Normativa per essere informato su come vengono protetti i tuoi dati.<\/span><\/p><p class=\"p6\"><span class=\"s1\"><b>TITOLARE DEL TRATTAMENTO<\/b><\/span><\/p><p class=\"p5\"><span class=\"s1\">Responsabile del trattamento dei dati personali \u00e8 Mediando Srls, con sede in via Santa Lucia 20\u2013 80132 Napoli, nella persona dell\u2019amministratore pro-tempore. Per richieste info@mediandosrl.com<\/span><\/p><p class=\"p6\"><span class=\"s1\"><b>COPYRIGHT<\/b><\/span><\/p><p class=\"p5\"><span class=\"s1\">Tutto il contenuto pubblicato su Sito \u00e8 protetto da copyright. Tutti i brand, loghi e trademarks citati negli articoli del Sito, appartengono ai rispettivi proprietari.<\/span><\/p><p class=\"p6\"><span class=\"s1\"><b>DICHIARAZIONE COOKIE<\/b><\/span><\/p><p class=\"p5\"><span class=\"s1\">Questo sito web utilizza i cookie. Utilizziamo i cookie per personalizzare contenuti ed annunci, per fornire funzionalit\u00e0 dei social media e per analizzare il nostro traffico. Condividiamo inoltre informazioni sul modo in cui utilizza il nostro sito con i nostri partner che si occupano di analisi dei dati web, pubblicit\u00e0 e social media, i quali potrebbero combinarle con altre informazioni che ha fornito loro o che hanno raccolto dal suo utilizzo dei loro servizi. Acconsenta ai nostri cookie se continua ad utilizzare il nostro sito web.<\/span><\/p><p class=\"p5\"><span class=\"s1\">I cookie sono piccoli file di testo che possono essere utilizzati dai siti web per rendere pi\u00f9 efficiente l\u2019esperienza per l\u2019utente.<\/span><\/p><p class=\"p5\"><span class=\"s1\">La legge afferma che possiamo memorizzare i cookie sul tuo dispositivo se sono strettamente necessari per il funzionamento di questo sito. Per tutti gli altri tipi di cookie abbiamo bisogno del tuo permesso.<\/span><\/p><p class=\"p5\"><span class=\"s1\">Questo sito utilizza diversi tipi di cookie. Alcuni cookie sono collocate da servizi di terzi che compaiono sulle nostre pagine.<\/span><\/p><p class=\"p5\"><span class=\"s1\">In qualsiasi momento \u00e8 possibile modificare o revocare il proprio consenso dalla Dichiarazione dei cookie sul nostro sito Web.<\/span><\/p><p class=\"p5\"><span class=\"s1\">Scopri di pi\u00f9 su chi siamo, come puoi contattarci e come trattiamo i dati personali nella nostra Informativa sulla privacy.<\/span><\/p><p class=\"p5\"><span class=\"s1\">Il suo consenso si applica ai seguenti siti web: Mediandosrl.com<\/span><\/p><p class=\"p6\"><span class=\"s1\"><b>USO DI COOKIES <\/b><\/span><\/p><p class=\"p5\"><span class=\"s1\">Il Sito usa \u201ccookies\u201d per aiutarti a personalizzare la tua esperienza online. Un cookie \u00e8 un file di testo che viene inserito sul tuo hard disk da una pagina Web. I Cookies non possono essere usati per eseguire programmi o fornire dei virus al tuo computer.<\/span><span class=\"s2\"><br \/><\/span><span class=\"s1\">Cookies vengono assegnati esclusivamente a te, e possono essere letti solamente da un web server nel dominio che ti ha emesso il cookie.<\/span><span class=\"s2\"><br \/><\/span><span class=\"s1\">Uno degli scopi principali dei cookies \u00e8 di fornire una caratteristica di praticit\u00e0 per farti risparmiare tempo. Lo scopo di un cookie \u00e8 di informare il Web server che sei tornato ad una pagina specifica.<\/span><span class=\"s2\"><br \/><\/span><span class=\"s1\">Per esempio, se accedi a pagine del Sito, o ti registri con il Sito o servizi del Sito, un cookie aiuta a recuperare tue informazioni specifiche nelle visite successive. Questo semplifica il procedimento della registrazione dei tuoi dati personali.<\/span><span class=\"s2\"><br \/><\/span><span class=\"s1\">Hai la possibilit\u00e0 di accettare o rifiutare i cookies. La maggior parte dei Web browser accettano i cookies automaticamente, ma puoi modificare le impostazioni del tuo browser se preferisci rifiutare i cookies.<\/span><span class=\"s2\"><br \/><\/span><span class=\"s1\">Se scegli di rifiutare i cookies, non sarai in grado di provare pienamente le caratteristiche interattive dei servizi del Sito o altri siti web che visiterai.<\/span><\/p>\t\t\t\t\t<\/div>\n\t\t\t\t\t\t<\/div>\n\t\t\t\t<\/div>\n\t\t\t\t\t\t<\/div>\n\t\t\t\t\t<\/div>\n\t\t<\/div>\n\t\t\t\t\t\t\t\t<\/div>\n\t\t\t\t\t<\/div>\n\t\t<\/section>\n\t\t\t\t\t\t\t\t\t<\/div>\n\t\t\t<\/div>\n\t\t\t\t\t<\/div>\n\t\t","protected":false},"excerpt":{"rendered":"<p>Privacy Policy PRIVACY POLICY E DICHIARAZIONE COOKIE\u200b MEDIANDO SRLS SI IMPEGNA A PROTEGGERE LA TUA PRIVACY E QUESTA INFORMATIVA SI APPLICA AL SITO PER REGOLARE LA RACCOLTA E L\u2019USO DI DATI. USANDO IL SITO MEDIANDOSRL.COM, ACCONSENTI ALL\u2019UTILIZZO DEI DATI DESCRITTO IN QUESTA INFORMATIVA. RACCOLTA DEI DATI PERSONALI MEDIANDO SRLS (di seguito \u201cMediando\u201d) raccoglie dati personali, &hellip;<\/p>\n<p class=\"read-more\"> <a class=\"\" href=\"https:\/\/mediandosrl.com\/?page_id=547\"> <span class=\"screen-reader-text\">Privacy Policy<\/span> Leggi altro &raquo;<\/a><\/p>\n","protected":false},"author":1,"featured_media":0,"parent":0,"menu_order":0,"comment_status":"closed","ping_status":"closed","template":"","meta":{"site-sidebar-layout":"no-sidebar","site-content-layout":"page-builder","ast-global-header-display":"","ast-main-header-display":"","ast-hfb-above-header-display":"","ast-hfb-below-header-display":"","ast-hfb-mobile-header-display":"","site-post-title":"disabled","ast-breadcrumbs-content":"disabled","ast-featured-img":"disabled","footer-sml-layout":"","theme-transparent-header-meta":"enabled","adv-header-id-meta":"","stick-header-meta":"","header-above-stick-meta":"","header-main-stick-meta":"","header-below-stick-meta":"","footnotes":""},"_links":{"self":[{"href":"https:\/\/mediandosrl.com\/index.php?rest_route=\/wp\/v2\/pages\/547"}],"collection":[{"href":"https:\/\/mediandosrl.com\/index.php?rest_route=\/wp\/v2\/pages"}],"about":[{"href":"https:\/\/mediandosrl.com\/index.php?rest_route=\/wp\/v2\/types\/page"}],"author":[{"embeddable":true,"href":"https:\/\/mediandosrl.com\/index.php?rest_route=\/wp\/v2\/users\/1"}],"replies":[{"embeddable":true,"href":"https:\/\/mediandosrl.com\/index.php?rest_route=%2Fwp%2Fv2%2Fcomments&post=547"}],"version-history":[{"count":4,"href":"https:\/\/mediandosrl.com\/index.php?rest_route=\/wp\/v2\/pages\/547\/revisions"}],"predecessor-version":[{"id":551,"href":"https:\/\/mediandosrl.com\/index.php?rest_route=\/wp\/v2\/pages\/547\/revisions\/551"}],"wp:attachment":[{"href":"https:\/\/mediandosrl.com\/index.php?rest_route=%2Fwp%2Fv2%2Fmedia&parent=547"}],"curies":[{"name":"wp","href":"https:\/\/api.w.org\/{rel}","templated":true}]}}